{"id":22444,"date":"2024-09-13T13:33:40","date_gmt":"2024-09-13T10:33:40","guid":{"rendered":"https:\/\/kardelenotomotiv.com.tr\/tr\/?page_id=22444"},"modified":"2026-02-21T11:08:58","modified_gmt":"2026-02-21T08:08:58","slug":"hakkimizda","status":"publish","type":"page","link":"https:\/\/kardelenotomotiv.com.tr\/tr\/hakkimizda\/","title":{"rendered":"Hakk\u0131m\u0131zda"},"content":{"rendered":"\t\t<div data-elementor-type=\"wp-page\" data-elementor-id=\"22444\" class=\"elementor elementor-22444\">\n\t\t\t\t<div class=\"elementor-element elementor-element-3911fc9 e-con-full e-flex sc_layouts_column_icons_position_left e-con e-parent\" data-id=\"3911fc9\" data-element_type=\"container\">\n\t\t<div class=\"elementor-element elementor-element-f309f9a e-con-full e-flex sc_layouts_column_icons_position_left e-con e-child\" data-id=\"f309f9a\" data-element_type=\"container\">\n\t\t\t\t<div class=\"elementor-element elementor-element-3b10dc1 sc_height_large sc_fly_static elementor-widget elementor-widget-spacer\" data-id=\"3b10dc1\" data-element_type=\"widget\" data-widget_type=\"spacer.default\">\n\t\t\t\t<div class=\"elementor-widget-container\">\n\t\t\t\t\t\t\t<div class=\"elementor-spacer\">\n\t\t\t<div class=\"elementor-spacer-inner\"><\/div>\n\t\t<\/div>\n\t\t\t\t\t\t<\/div>\n\t\t\t\t<\/div>\n\t\t\t\t<div class=\"elementor-element elementor-element-57eaa4a sc_height_small sc_fly_static elementor-widget elementor-widget-spacer\" data-id=\"57eaa4a\" data-element_type=\"widget\" data-widget_type=\"spacer.default\">\n\t\t\t\t<div class=\"elementor-widget-container\">\n\t\t\t\t\t\t\t<div class=\"elementor-spacer\">\n\t\t\t<div class=\"elementor-spacer-inner\"><\/div>\n\t\t<\/div>\n\t\t\t\t\t\t<\/div>\n\t\t\t\t<\/div>\n\t\t\t\t<div class=\"elementor-element elementor-element-c222079 sc_fly_static elementor-widget elementor-widget-text-editor\" data-id=\"c222079\" data-element_type=\"widget\" data-widget_type=\"text-editor.default\">\n\t\t\t\t<div class=\"elementor-widget-container\">\n\t\t\t\t\t\t\t\t\t<p><strong>KARDELEN OTOMOT\u0130V<\/strong> olarak \u2018Kalite bir hedef de\u011fil, yolculuktur.\u2019 slogan\u0131yla \u00e7\u0131kt\u0131\u011f\u0131m\u0131z yolda; \u00f6ncelikli olarak m\u00fc\u015fterilerimiz, \u00e7al\u0131\u015fanlar\u0131m\u0131z, tedarik\u00e7ilerimiz, payda\u015flar\u0131m\u0131z, \u00e7evre ve toplumumuz i\u00e7in s\u00fcrekli olarak daha iyiyi aramaktay\u0131z.<\/p><p>Bu nedenle; \u00fclkeye ve otomotiv sekt\u00f6r\u00fcne katma de\u011fer sa\u011flayacak uygulamalar ve s\u00fcre\u00e7ler ile \u00f6nc\u00fc rol model olmay\u0131; m\u00fc\u015fteri memnuniyeti ve sadakatini, sundu\u011fumuz \u00fcr\u00fcn ve hizmetlerin kalitesinin belirleyece\u011fi inanc\u0131yla teknolojik geli\u015fmeler, inovatif yakla\u015f\u0131mlar ve dijitalle\u015fme ile birlikte operasyonlar\u0131m\u0131z\u0131n kalitesini artt\u0131rmay\u0131 ama\u00e7lamaktay\u0131z.<\/p>\t\t\t\t\t\t\t\t<\/div>\n\t\t\t\t<\/div>\n\t\t\t\t<\/div>\n\t\t<div class=\"elementor-element elementor-element-89ece88 e-con-full e-flex sc_layouts_column_icons_position_left e-con e-child\" data-id=\"89ece88\" data-element_type=\"container\">\n\t\t\t\t<div class=\"elementor-element elementor-element-7e21349 sc_height_tiny sc_fly_static elementor-widget elementor-widget-spacer\" data-id=\"7e21349\" data-element_type=\"widget\" data-widget_type=\"spacer.default\">\n\t\t\t\t<div class=\"elementor-widget-container\">\n\t\t\t\t\t\t\t<div class=\"elementor-spacer\">\n\t\t\t<div class=\"elementor-spacer-inner\"><\/div>\n\t\t<\/div>\n\t\t\t\t\t\t<\/div>\n\t\t\t\t<\/div>\n\t\t\t\t<div class=\"elementor-element elementor-element-fed4150 sc_height_large sc_fly_static elementor-widget elementor-widget-spacer\" data-id=\"fed4150\" data-element_type=\"widget\" data-widget_type=\"spacer.default\">\n\t\t\t\t<div class=\"elementor-widget-container\">\n\t\t\t\t\t\t\t<div class=\"elementor-spacer\">\n\t\t\t<div class=\"elementor-spacer-inner\"><\/div>\n\t\t<\/div>\n\t\t\t\t\t\t<\/div>\n\t\t\t\t<\/div>\n\t\t\t\t<div class=\"elementor-element elementor-element-79b8abd sc_fly_static elementor-widget elementor-widget-image\" data-id=\"79b8abd\" data-element_type=\"widget\" data-widget_type=\"image.default\">\n\t\t\t\t<div class=\"elementor-widget-container\">\n\t\t\t\t\t\t\t\t\t\t\t\t\t\t\t<img decoding=\"async\" src=\"https:\/\/kardelenotomotiv.com.tr\/tr\/wp-content\/uploads\/2026\/02\/IMG-20260220-WA0001.jpg\" title=\"g\u00f6rsel\" alt=\"g\u00f6rsel\" loading=\"lazy\" \/>\t\t\t\t\t\t\t\t\t\t\t\t\t\t\t<\/div>\n\t\t\t\t<\/div>\n\t\t\t\t<\/div>\n\t\t\t\t<\/div>\n\t\t<div class=\"e-con-with-custom-width elementor-element elementor-element-877e7f5 e-flex e-con-boxed sc_layouts_column_icons_position_left e-con e-parent\" data-id=\"877e7f5\" data-element_type=\"container\">\n\t\t\t\t\t<div class=\"e-con-inner\">\n\t\t\t\t<div class=\"elementor-element elementor-element-023a114 sc_height_medium sc_fly_static elementor-widget elementor-widget-spacer\" data-id=\"023a114\" data-element_type=\"widget\" data-widget_type=\"spacer.default\">\n\t\t\t\t<div class=\"elementor-widget-container\">\n\t\t\t\t\t\t\t<div class=\"elementor-spacer\">\n\t\t\t<div class=\"elementor-spacer-inner\"><\/div>\n\t\t<\/div>\n\t\t\t\t\t\t<\/div>\n\t\t\t\t<\/div>\n\t\t\t\t\t<\/div>\n\t\t\t\t<\/div>\n\t\t<div class=\"elementor-element elementor-element-1c2a8e6 e-flex e-con-boxed sc_layouts_column_icons_position_left e-con e-parent\" data-id=\"1c2a8e6\" data-element_type=\"container\">\n\t\t\t\t\t<div class=\"e-con-inner\">\n\t\t<div class=\"elementor-element elementor-element-65934ea e-con-full e-flex sc_layouts_column_icons_position_left e-con e-child\" data-id=\"65934ea\" data-element_type=\"container\">\n\t\t\t\t<div class=\"elementor-element elementor-element-9345d47 sc_fly_static elementor-widget elementor-widget-heading\" data-id=\"9345d47\" data-element_type=\"widget\" data-widget_type=\"heading.default\">\n\t\t\t\t<div class=\"elementor-widget-container\">\n\t\t\t\t\t<h3 class=\"elementor-heading-title elementor-size-default\">M\u0130SYON<\/h3>\t\t\t\t<\/div>\n\t\t\t\t<\/div>\n\t\t\t\t<div class=\"elementor-element elementor-element-7f047fc sc_height_tiny sc_fly_static elementor-widget elementor-widget-spacer\" data-id=\"7f047fc\" data-element_type=\"widget\" data-widget_type=\"spacer.default\">\n\t\t\t\t<div class=\"elementor-widget-container\">\n\t\t\t\t\t\t\t<div class=\"elementor-spacer\">\n\t\t\t<div class=\"elementor-spacer-inner\"><\/div>\n\t\t<\/div>\n\t\t\t\t\t\t<\/div>\n\t\t\t\t<\/div>\n\t\t\t\t<div class=\"elementor-element elementor-element-99d398f sc_fly_static elementor-widget elementor-widget-text-editor\" data-id=\"99d398f\" data-element_type=\"widget\" data-widget_type=\"text-editor.default\">\n\t\t\t\t<div class=\"elementor-widget-container\">\n\t\t\t\t\t\t\t\t\t<p>Kurumsall\u0131\u011f\u0131 kendine ilke edinmi\u015f tecr\u00fcbeli ve e\u011fitimli personeli ile \u015feffafl\u0131k ve profesyonellikten \u00f6d\u00fcn vermeden, yenilik\u00e7i bir yakla\u015f\u0131m ile sekt\u00f6rel geli\u015fmeleri yak\u0131ndan takip ederek sundu\u011fu hizmetleri s\u00fcrekli geli\u015ftirmek ve iyile\u015ftirmek,s\u0131n\u0131rs\u0131z m\u00fc\u015fteri memnuniyeti ve sosyal sorumluluk anlay\u0131\u015f\u0131 ile sat\u0131\u015f, sat\u0131\u015f sonras\u0131 hizmetler, kiralama ve servis hizmetlerini zaman\u0131nda, en iyi \u015fekilde ve belirlenen standartlarda yerine getirmek.<\/p>\t\t\t\t\t\t\t\t<\/div>\n\t\t\t\t<\/div>\n\t\t\t\t<\/div>\n\t\t\t\t\t<\/div>\n\t\t\t\t<\/div>\n\t\t<div class=\"e-con-with-custom-width elementor-element elementor-element-6fe54e8 e-con-full e-flex sc_layouts_column_icons_position_left e-con e-parent\" data-id=\"6fe54e8\" data-element_type=\"container\">\n\t\t<div class=\"elementor-element elementor-element-5b40046 e-con-full e-flex sc_layouts_column_icons_position_left e-con e-child\" data-id=\"5b40046\" data-element_type=\"container\">\n\t\t\t\t<div class=\"elementor-element elementor-element-95668b1 sc_fly_static elementor-widget elementor-widget-spacer\" data-id=\"95668b1\" data-element_type=\"widget\" data-widget_type=\"spacer.default\">\n\t\t\t\t<div class=\"elementor-widget-container\">\n\t\t\t\t\t\t\t<div class=\"elementor-spacer\">\n\t\t\t<div class=\"elementor-spacer-inner\"><\/div>\n\t\t<\/div>\n\t\t\t\t\t\t<\/div>\n\t\t\t\t<\/div>\n\t\t\t\t<div class=\"elementor-element elementor-element-70820af sc_height_tiny sc_fly_static elementor-widget elementor-widget-spacer\" data-id=\"70820af\" data-element_type=\"widget\" data-widget_type=\"spacer.default\">\n\t\t\t\t<div class=\"elementor-widget-container\">\n\t\t\t\t\t\t\t<div class=\"elementor-spacer\">\n\t\t\t<div class=\"elementor-spacer-inner\"><\/div>\n\t\t<\/div>\n\t\t\t\t\t\t<\/div>\n\t\t\t\t<\/div>\n\t\t\t\t<div class=\"elementor-element elementor-element-85ef8ad sc_fly_static elementor-widget elementor-widget-image\" data-id=\"85ef8ad\" data-element_type=\"widget\" data-widget_type=\"image.default\">\n\t\t\t\t<div class=\"elementor-widget-container\">\n\t\t\t\t\t\t\t\t\t\t\t\t\t\t\t<img decoding=\"async\" src=\"https:\/\/kardelenotomotiv.com.tr\/tr\/wp-content\/uploads\/elementor\/thumbs\/IMG-20260220-WA0000-rjm56jmon139nae84jsc9aobtkwfdxycaighel8hhc.jpg\" title=\"IMG-20260220-WA0000\" alt=\"IMG-20260220-WA0000\" loading=\"lazy\" \/>\t\t\t\t\t\t\t\t\t\t\t\t\t\t\t<\/div>\n\t\t\t\t<\/div>\n\t\t\t\t<\/div>\n\t\t<div class=\"elementor-element elementor-element-6b147eb e-con-full e-flex sc_layouts_column_icons_position_left e-con e-child\" data-id=\"6b147eb\" data-element_type=\"container\">\n\t\t\t\t<div class=\"elementor-element elementor-element-bb48ae1 sc_height_huge sc_fly_static elementor-widget elementor-widget-spacer\" data-id=\"bb48ae1\" data-element_type=\"widget\" data-widget_type=\"spacer.default\">\n\t\t\t\t<div class=\"elementor-widget-container\">\n\t\t\t\t\t\t\t<div class=\"elementor-spacer\">\n\t\t\t<div class=\"elementor-spacer-inner\"><\/div>\n\t\t<\/div>\n\t\t\t\t\t\t<\/div>\n\t\t\t\t<\/div>\n\t\t\t\t<div class=\"elementor-element elementor-element-3775fdf sc_fly_static elementor-widget elementor-widget-heading\" data-id=\"3775fdf\" data-element_type=\"widget\" data-widget_type=\"heading.default\">\n\t\t\t\t<div class=\"elementor-widget-container\">\n\t\t\t\t\t<h3 class=\"elementor-heading-title elementor-size-default\">V\u0130ZYON<\/h3>\t\t\t\t<\/div>\n\t\t\t\t<\/div>\n\t\t\t\t<div class=\"elementor-element elementor-element-cacd364 sc_height_tiny sc_fly_static elementor-widget elementor-widget-spacer\" data-id=\"cacd364\" data-element_type=\"widget\" data-widget_type=\"spacer.default\">\n\t\t\t\t<div class=\"elementor-widget-container\">\n\t\t\t\t\t\t\t<div class=\"elementor-spacer\">\n\t\t\t<div class=\"elementor-spacer-inner\"><\/div>\n\t\t<\/div>\n\t\t\t\t\t\t<\/div>\n\t\t\t\t<\/div>\n\t\t\t\t<div class=\"elementor-element elementor-element-22ed669 elementor-widget__width-initial sc_fly_static elementor-widget elementor-widget-text-editor\" data-id=\"22ed669\" data-element_type=\"widget\" data-widget_type=\"text-editor.default\">\n\t\t\t\t<div class=\"elementor-widget-container\">\n\t\t\t\t\t\t\t\t\t<p>Otomotiv sekt\u00f6r\u00fcnde g\u00fc\u00e7l\u00fc ve yenilik\u00e7i y\u00f6netim anlay\u0131\u015f\u0131m\u0131z ve dinamik kadromuz ile sat\u0131\u015f, sat\u0131\u015f sonras\u0131 hizmetler, kiralama ve servis faaliyetlerini profesyonelce y\u00fcr\u00fctmek. Sundu\u011fumuz hizmetler ile ba\u011fl\u0131 oldu\u011fumuz markalar\u0131n b\u00f6lgesel bazda lideri ve \u00fclke baz\u0131nda liderleri aras\u0131nda yer alarak m\u00fc\u015fterilerimiz, \u00e7al\u0131\u015fanlar\u0131m\u0131z ve payda\u015flar\u0131m\u0131z i\u00e7in de\u011fer ve farkl\u0131l\u0131klar yaratmak.<\/p>\t\t\t\t\t\t\t\t<\/div>\n\t\t\t\t<\/div>\n\t\t\t\t<\/div>\n\t\t\t\t<\/div>\n\t\t\t\t<\/div>\n\t\t","protected":false},"excerpt":{"rendered":"<p>KARDELEN OTOMOT\u0130V olarak \u2018Kalite bir hedef de\u011fil, yolculuktur.\u2019 slogan\u0131yla \u00e7\u0131kt\u0131\u011f\u0131m\u0131z yolda; \u00f6ncelikli olarak m\u00fc\u015fterilerimiz, \u00e7al\u0131\u015fanlar\u0131m\u0131z, tedarik\u00e7ilerimiz, payda\u015flar\u0131m\u0131z, \u00e7evre ve toplumumuz i\u00e7in s\u00fcrekli olarak daha iyiyi aramaktay\u0131z. Bu nedenle; \u00fclkeye ve&hellip;<\/p>\n","protected":false},"author":1,"featured_media":0,"parent":0,"menu_order":0,"comment_status":"closed","ping_status":"closed","template":"","meta":{"footnotes":""},"class_list":["post-22444","page","type-page","status-publish","hentry"],"yoast_head":"<!-- This site is optimized with the Yoast SEO plugin v26.6 - https:\/\/yoast.com\/wordpress\/plugins\/seo\/ -->\n<title>Hakk\u0131m\u0131zda - KARDELEN OTOMOT\u0130V<\/title>\n<meta name=\"robots\" content=\"index, follow, max-snippet:-1, max-image-preview:large, max-video-preview:-1\" \/>\n<link rel=\"canonical\" href=\"https:\/\/kardelenotomotiv.com.tr\/tr\/hakkimizda\/\" \/>\n<meta property=\"og:locale\" content=\"tr_TR\" \/>\n<meta property=\"og:type\" content=\"article\" \/>\n<meta property=\"og:title\" content=\"Hakk\u0131m\u0131zda - KARDELEN OTOMOT\u0130V\" \/>\n<meta property=\"og:description\" content=\"KARDELEN OTOMOT\u0130V olarak \u2018Kalite bir hedef de\u011fil, yolculuktur.\u2019 slogan\u0131yla \u00e7\u0131kt\u0131\u011f\u0131m\u0131z yolda; \u00f6ncelikli olarak m\u00fc\u015fterilerimiz, \u00e7al\u0131\u015fanlar\u0131m\u0131z, tedarik\u00e7ilerimiz, payda\u015flar\u0131m\u0131z, \u00e7evre ve toplumumuz i\u00e7in s\u00fcrekli olarak daha iyiyi aramaktay\u0131z. Bu nedenle; \u00fclkeye ve&hellip;\" \/>\n<meta property=\"og:url\" content=\"https:\/\/kardelenotomotiv.com.tr\/tr\/hakkimizda\/\" \/>\n<meta property=\"og:site_name\" content=\"KARDELEN OTOMOT\u0130V\" \/>\n<meta property=\"article:publisher\" content=\"https:\/\/www.facebook.com\/kardelenotomotivtr\" \/>\n<meta property=\"article:modified_time\" content=\"2026-02-21T08:08:58+00:00\" \/>\n<meta property=\"og:image\" content=\"https:\/\/kardelenotomotiv.com.tr\/tr\/wp-content\/uploads\/2026\/02\/IMG-20260220-WA0001.jpg\" \/>\n<meta name=\"twitter:card\" content=\"summary_large_image\" \/>\n<meta name=\"twitter:label1\" content=\"Tahmini okuma s\u00fcresi\" \/>\n\t<meta name=\"twitter:data1\" content=\"2 dakika\" \/>\n<script type=\"application\/ld+json\" class=\"yoast-schema-graph\">{\"@context\":\"https:\/\/schema.org\",\"@graph\":[{\"@type\":\"WebPage\",\"@id\":\"https:\/\/kardelenotomotiv.com.tr\/tr\/hakkimizda\/\",\"url\":\"https:\/\/kardelenotomotiv.com.tr\/tr\/hakkimizda\/\",\"name\":\"Hakk\u0131m\u0131zda - KARDELEN OTOMOT\u0130V\",\"isPartOf\":{\"@id\":\"https:\/\/kardelenotomotiv.com.tr\/tr\/#website\"},\"primaryImageOfPage\":{\"@id\":\"https:\/\/kardelenotomotiv.com.tr\/tr\/hakkimizda\/#primaryimage\"},\"image\":{\"@id\":\"https:\/\/kardelenotomotiv.com.tr\/tr\/hakkimizda\/#primaryimage\"},\"thumbnailUrl\":\"https:\/\/kardelenotomotiv.com.tr\/tr\/wp-content\/uploads\/2026\/02\/IMG-20260220-WA0001.jpg\",\"datePublished\":\"2024-09-13T10:33:40+00:00\",\"dateModified\":\"2026-02-21T08:08:58+00:00\",\"breadcrumb\":{\"@id\":\"https:\/\/kardelenotomotiv.com.tr\/tr\/hakkimizda\/#breadcrumb\"},\"inLanguage\":\"tr\",\"potentialAction\":[{\"@type\":\"ReadAction\",\"target\":[\"https:\/\/kardelenotomotiv.com.tr\/tr\/hakkimizda\/\"]}]},{\"@type\":\"ImageObject\",\"inLanguage\":\"tr\",\"@id\":\"https:\/\/kardelenotomotiv.com.tr\/tr\/hakkimizda\/#primaryimage\",\"url\":\"https:\/\/kardelenotomotiv.com.tr\/tr\/wp-content\/uploads\/2026\/02\/IMG-20260220-WA0001.jpg\",\"contentUrl\":\"https:\/\/kardelenotomotiv.com.tr\/tr\/wp-content\/uploads\/2026\/02\/IMG-20260220-WA0001.jpg\",\"width\":1536,\"height\":1024},{\"@type\":\"BreadcrumbList\",\"@id\":\"https:\/\/kardelenotomotiv.com.tr\/tr\/hakkimizda\/#breadcrumb\",\"itemListElement\":[{\"@type\":\"ListItem\",\"position\":1,\"name\":\"Anasayfa\",\"item\":\"https:\/\/kardelenotomotiv.com.tr\/tr\/\"},{\"@type\":\"ListItem\",\"position\":2,\"name\":\"Hakk\u0131m\u0131zda\"}]},{\"@type\":\"WebSite\",\"@id\":\"https:\/\/kardelenotomotiv.com.tr\/tr\/#website\",\"url\":\"https:\/\/kardelenotomotiv.com.tr\/tr\/\",\"name\":\"KARDELEN OTOMOT\u0130V\",\"description\":\"Kardelen Otomotiv, Toyota, Honda, Otoko\u00e7, Diyarbak\u0131r - Otomobili Yeniden Ke\u015ffedin!\",\"publisher\":{\"@id\":\"https:\/\/kardelenotomotiv.com.tr\/tr\/#organization\"},\"alternateName\":\"KARDELEN OTOMOT\u0130V D\u0130YARBAKIR\",\"potentialAction\":[{\"@type\":\"SearchAction\",\"target\":{\"@type\":\"EntryPoint\",\"urlTemplate\":\"https:\/\/kardelenotomotiv.com.tr\/tr\/?s={search_term_string}\"},\"query-input\":{\"@type\":\"PropertyValueSpecification\",\"valueRequired\":true,\"valueName\":\"search_term_string\"}}],\"inLanguage\":\"tr\"},{\"@type\":\"Organization\",\"@id\":\"https:\/\/kardelenotomotiv.com.tr\/tr\/#organization\",\"name\":\"KARDELEN OTOMOT\u0130V D\u0130YARBAKIR\",\"alternateName\":\"Toyota Kardelen, Honda Kardelen, Otoko\u00e7 Kardelen Otomotiv\",\"url\":\"https:\/\/kardelenotomotiv.com.tr\/tr\/\",\"logo\":{\"@type\":\"ImageObject\",\"inLanguage\":\"tr\",\"@id\":\"https:\/\/kardelenotomotiv.com.tr\/tr\/#\/schema\/logo\/image\/\",\"url\":\"https:\/\/kardelenotomotiv.com.tr\/tr\/wp-content\/uploads\/2024\/08\/logo-siyah-kardelen.png\",\"contentUrl\":\"https:\/\/kardelenotomotiv.com.tr\/tr\/wp-content\/uploads\/2024\/08\/logo-siyah-kardelen.png\",\"width\":443,\"height\":73,\"caption\":\"KARDELEN OTOMOT\u0130V D\u0130YARBAKIR\"},\"image\":{\"@id\":\"https:\/\/kardelenotomotiv.com.tr\/tr\/#\/schema\/logo\/image\/\"},\"sameAs\":[\"https:\/\/www.facebook.com\/kardelenotomotivtr\",\"https:\/\/www.instagram.com\/kardelenotomotivtr\/\",\"https:\/\/www.youtube.com\/c\/KardelenOtomotiv\"]}]}<\/script>\n<!-- \/ Yoast SEO plugin. -->","yoast_head_json":{"title":"Hakk\u0131m\u0131zda - KARDELEN OTOMOT\u0130V","robots":{"index":"index","follow":"follow","max-snippet":"max-snippet:-1","max-image-preview":"max-image-preview:large","max-video-preview":"max-video-preview:-1"},"canonical":"https:\/\/kardelenotomotiv.com.tr\/tr\/hakkimizda\/","og_locale":"tr_TR","og_type":"article","og_title":"Hakk\u0131m\u0131zda - KARDELEN OTOMOT\u0130V","og_description":"KARDELEN OTOMOT\u0130V olarak \u2018Kalite bir hedef de\u011fil, yolculuktur.\u2019 slogan\u0131yla \u00e7\u0131kt\u0131\u011f\u0131m\u0131z yolda; \u00f6ncelikli olarak m\u00fc\u015fterilerimiz, \u00e7al\u0131\u015fanlar\u0131m\u0131z, tedarik\u00e7ilerimiz, payda\u015flar\u0131m\u0131z, \u00e7evre ve toplumumuz i\u00e7in s\u00fcrekli olarak daha iyiyi aramaktay\u0131z. Bu nedenle; \u00fclkeye ve&hellip;","og_url":"https:\/\/kardelenotomotiv.com.tr\/tr\/hakkimizda\/","og_site_name":"KARDELEN OTOMOT\u0130V","article_publisher":"https:\/\/www.facebook.com\/kardelenotomotivtr","article_modified_time":"2026-02-21T08:08:58+00:00","og_image":[{"url":"https:\/\/kardelenotomotiv.com.tr\/tr\/wp-content\/uploads\/2026\/02\/IMG-20260220-WA0001.jpg","type":"","width":"","height":""}],"twitter_card":"summary_large_image","twitter_misc":{"Tahmini okuma s\u00fcresi":"2 dakika"},"schema":{"@context":"https:\/\/schema.org","@graph":[{"@type":"WebPage","@id":"https:\/\/kardelenotomotiv.com.tr\/tr\/hakkimizda\/","url":"https:\/\/kardelenotomotiv.com.tr\/tr\/hakkimizda\/","name":"Hakk\u0131m\u0131zda - KARDELEN OTOMOT\u0130V","isPartOf":{"@id":"https:\/\/kardelenotomotiv.com.tr\/tr\/#website"},"primaryImageOfPage":{"@id":"https:\/\/kardelenotomotiv.com.tr\/tr\/hakkimizda\/#primaryimage"},"image":{"@id":"https:\/\/kardelenotomotiv.com.tr\/tr\/hakkimizda\/#primaryimage"},"thumbnailUrl":"https:\/\/kardelenotomotiv.com.tr\/tr\/wp-content\/uploads\/2026\/02\/IMG-20260220-WA0001.jpg","datePublished":"2024-09-13T10:33:40+00:00","dateModified":"2026-02-21T08:08:58+00:00","breadcrumb":{"@id":"https:\/\/kardelenotomotiv.com.tr\/tr\/hakkimizda\/#breadcrumb"},"inLanguage":"tr","potentialAction":[{"@type":"ReadAction","target":["https:\/\/kardelenotomotiv.com.tr\/tr\/hakkimizda\/"]}]},{"@type":"ImageObject","inLanguage":"tr","@id":"https:\/\/kardelenotomotiv.com.tr\/tr\/hakkimizda\/#primaryimage","url":"https:\/\/kardelenotomotiv.com.tr\/tr\/wp-content\/uploads\/2026\/02\/IMG-20260220-WA0001.jpg","contentUrl":"https:\/\/kardelenotomotiv.com.tr\/tr\/wp-content\/uploads\/2026\/02\/IMG-20260220-WA0001.jpg","width":1536,"height":1024},{"@type":"BreadcrumbList","@id":"https:\/\/kardelenotomotiv.com.tr\/tr\/hakkimizda\/#breadcrumb","itemListElement":[{"@type":"ListItem","position":1,"name":"Anasayfa","item":"https:\/\/kardelenotomotiv.com.tr\/tr\/"},{"@type":"ListItem","position":2,"name":"Hakk\u0131m\u0131zda"}]},{"@type":"WebSite","@id":"https:\/\/kardelenotomotiv.com.tr\/tr\/#website","url":"https:\/\/kardelenotomotiv.com.tr\/tr\/","name":"KARDELEN OTOMOT\u0130V","description":"Kardelen Otomotiv, Toyota, Honda, Otoko\u00e7, Diyarbak\u0131r - Otomobili Yeniden Ke\u015ffedin!","publisher":{"@id":"https:\/\/kardelenotomotiv.com.tr\/tr\/#organization"},"alternateName":"KARDELEN OTOMOT\u0130V D\u0130YARBAKIR","potentialAction":[{"@type":"SearchAction","target":{"@type":"EntryPoint","urlTemplate":"https:\/\/kardelenotomotiv.com.tr\/tr\/?s={search_term_string}"},"query-input":{"@type":"PropertyValueSpecification","valueRequired":true,"valueName":"search_term_string"}}],"inLanguage":"tr"},{"@type":"Organization","@id":"https:\/\/kardelenotomotiv.com.tr\/tr\/#organization","name":"KARDELEN OTOMOT\u0130V D\u0130YARBAKIR","alternateName":"Toyota Kardelen, Honda Kardelen, Otoko\u00e7 Kardelen Otomotiv","url":"https:\/\/kardelenotomotiv.com.tr\/tr\/","logo":{"@type":"ImageObject","inLanguage":"tr","@id":"https:\/\/kardelenotomotiv.com.tr\/tr\/#\/schema\/logo\/image\/","url":"https:\/\/kardelenotomotiv.com.tr\/tr\/wp-content\/uploads\/2024\/08\/logo-siyah-kardelen.png","contentUrl":"https:\/\/kardelenotomotiv.com.tr\/tr\/wp-content\/uploads\/2024\/08\/logo-siyah-kardelen.png","width":443,"height":73,"caption":"KARDELEN OTOMOT\u0130V D\u0130YARBAKIR"},"image":{"@id":"https:\/\/kardelenotomotiv.com.tr\/tr\/#\/schema\/logo\/image\/"},"sameAs":["https:\/\/www.facebook.com\/kardelenotomotivtr","https:\/\/www.instagram.com\/kardelenotomotivtr\/","https:\/\/www.youtube.com\/c\/KardelenOtomotiv"]}]}},"_links":{"self":[{"href":"https:\/\/kardelenotomotiv.com.tr\/tr\/wp-json\/wp\/v2\/pages\/22444","targetHints":{"allow":["GET"]}}],"collection":[{"href":"https:\/\/kardelenotomotiv.com.tr\/tr\/wp-json\/wp\/v2\/pages"}],"about":[{"href":"https:\/\/kardelenotomotiv.com.tr\/tr\/wp-json\/wp\/v2\/types\/page"}],"author":[{"embeddable":true,"href":"https:\/\/kardelenotomotiv.com.tr\/tr\/wp-json\/wp\/v2\/users\/1"}],"replies":[{"embeddable":true,"href":"https:\/\/kardelenotomotiv.com.tr\/tr\/wp-json\/wp\/v2\/comments?post=22444"}],"version-history":[{"count":166,"href":"https:\/\/kardelenotomotiv.com.tr\/tr\/wp-json\/wp\/v2\/pages\/22444\/revisions"}],"predecessor-version":[{"id":24316,"href":"https:\/\/kardelenotomotiv.com.tr\/tr\/wp-json\/wp\/v2\/pages\/22444\/revisions\/24316"}],"wp:attachment":[{"href":"https:\/\/kardelenotomotiv.com.tr\/tr\/wp-json\/wp\/v2\/media?parent=22444"}],"curies":[{"name":"wp","href":"https:\/\/api.w.org\/{rel}","templated":true}]}}